{"id":20,"date":"2024-09-02T17:04:55","date_gmt":"2024-09-02T17:04:55","guid":{"rendered":"https:\/\/agenciaoxigeno.com\/?page_id=20"},"modified":"2025-03-19T00:25:05","modified_gmt":"2025-03-19T00:25:05","slug":"noticias","status":"publish","type":"page","link":"https:\/\/agenciaoxigeno.com\/index.php\/noticias\/","title":{"rendered":"Noticias"},"content":{"rendered":"<p>[et_pb_section fb_built=\u00bb1&#8243; admin_label=\u00bbHeader\u00bb _builder_version=\u00bb4.27.4&#8243; _module_preset=\u00bbdefault\u00bb background_color=\u00bb#e0e0e0&#8243; use_background_color_gradient=\u00bbon\u00bb background_color_gradient_stops=\u00bb#000000 0%|rgba(0,0,0,0.66) 100%\u00bb background_color_gradient_overlays_image=\u00bbon\u00bb background_image=\u00bbhttps:\/\/agenciaoxigeno.com\/wp-content\/uploads\/2025\/01\/Tecnologia-web.jpg\u00bb parallax=\u00bbon\u00bb custom_padding=\u00bb125px||122px||false|false\u00bb bottom_divider_style=\u00bbasymmetric4&#8243; bottom_divider_color=\u00bb#e0e0e0&#8243; locked=\u00bboff\u00bb collapsed=\u00bbon\u00bb global_colors_info=\u00bb{%22gcid-8020c5c5-3063-43d3-92c5-9fcdd948cb76%22:%91%22background_color%22%93}\u00bb][et_pb_row _builder_version=\u00bb4.21.0&#8243; _module_preset=\u00bbdefault\u00bb max_width=\u00bb700px\u00bb module_alignment=\u00bbcenter\u00bb global_colors_info=\u00bb{}\u00bb][et_pb_column type=\u00bb4_4&#8243; _builder_version=\u00bb4.21.0&#8243; _module_preset=\u00bbdefault\u00bb global_colors_info=\u00bb{}\u00bb][et_pb_text _builder_version=\u00bb4.27.4&#8243; _module_preset=\u00bbf22dfea3-df52-4789-9cd9-ff67cd6af000&#8243; header_text_color=\u00bb#E02B20&#8243; text_orientation=\u00bbcenter\u00bb custom_margin=\u00bb||10px||false|false\u00bb global_colors_info=\u00bb{}\u00bb]<\/p>\n<h1>Noticias<\/h1>\n<p>[\/et_pb_text][et_pb_text _builder_version=\u00bb4.27.4&#8243; _module_preset=\u00bbdefault\u00bb text_text_color=\u00bb#FFFFFF\u00bb text_font_size=\u00bb18px\u00bb text_orientation=\u00bbcenter\u00bb global_colors_info=\u00bb{}\u00bb]<\/p>\n<p>Descubre lo \u00faltimo en tecnolog\u00eda, innovaci\u00f3n y estrategias digitales para mantenerte siempre un paso adelante.<\/p>\n<p>[\/et_pb_text][\/et_pb_column][\/et_pb_row][\/et_pb_section][et_pb_section fb_built=\u00bb1&#8243; admin_label=\u00bbBlog\u00bb _builder_version=\u00bb4.27.4&#8243; _module_preset=\u00bbdefault\u00bb background_color=\u00bb#e0e0e0&#8243; custom_padding=\u00bb||79px|||\u00bb locked=\u00bboff\u00bb collapsed=\u00bbon\u00bb global_colors_info=\u00bb{%22gcid-8020c5c5-3063-43d3-92c5-9fcdd948cb76%22:%91%22background_color%22%93}\u00bb][et_pb_row _builder_version=\u00bb4.21.0&#8243; _module_preset=\u00bbdefault\u00bb global_colors_info=\u00bb{}\u00bb][et_pb_column type=\u00bb4_4&#8243; _builder_version=\u00bb4.21.0&#8243; _module_preset=\u00bbdefault\u00bb global_colors_info=\u00bb{}\u00bb][et_pb_blog posts_number=\u00bb9&#8243; _builder_version=\u00bb4.27.4&#8243; _module_preset=\u00bbcd88de5c-73f2-41ba-bf5d-c743fc239474&#8243; header_text_color=\u00bb#c41919&#8243; body_text_color=\u00bb#7c7c7c\u00bb read_more_text_color=\u00bb#E02B20&#8243; locked=\u00bboff\u00bb global_colors_info=\u00bb{%22gcid-82d83944-af25-421c-b75e-b1248ab1bd38%22:%91%22masonry_tile_background_color%22%93,%22gcid-24025f8c-4e76-43e6-bd5f-e54d56ae8a50%22:%91%22meta_text_color%22%93,%22gcid-fe73f57e-217d-4584-8436-2cab97b1fcd5%22:%91%22read_more_text_color%22%93}\u00bb][\/et_pb_blog][\/et_pb_column][\/et_pb_row][\/et_pb_section][et_pb_section fb_built=\u00bb1&#8243; admin_label=\u00bbFooter\u00bb _builder_version=\u00bb4.27.4&#8243; _module_preset=\u00bbdefault\u00bb background_color=\u00bb#000000&#8243; custom_padding=\u00bb80px|||||\u00bb top_divider_style=\u00bbasymmetric4&#8243; top_divider_color=\u00bb#e0e0e0&#8243; top_divider_flip=\u00bbvertical\u00bb bottom_divider_style=\u00bbasymmetric4&#8243; bottom_divider_color=\u00bb#FFFFFF\u00bb bottom_divider_flip=\u00bbvertical\u00bb saved_tabs=\u00bball\u00bb locked=\u00bboff\u00bb collapsed=\u00bbon\u00bb global_colors_info=\u00bb{%22gcid-8020c5c5-3063-43d3-92c5-9fcdd948cb76%22:%91%22background_color%22%93}\u00bb][et_pb_row make_equal=\u00bbon\u00bb custom_padding_last_edited=\u00bbon|phone\u00bb _builder_version=\u00bb4.21.0&#8243; _module_preset=\u00bbdefault\u00bb background_color=\u00bb#FFFFFF\u00bb use_background_color_gradient=\u00bbon\u00bb background_color_gradient_type=\u00bbcircular\u00bb background_color_gradient_direction_radial=\u00bbright\u00bb background_color_gradient_stops=\u00bb#eedcef 0%|#ffffff 99%\u00bb background_image=\u00bbhttps:\/\/agenciaoxigeno.com\/wp-content\/uploads\/2025\/01\/images-image-based.png\u00bb max_width=\u00bb1280px\u00bb custom_margin=\u00bb70px|auto|96px|auto|false|false\u00bb custom_padding=\u00bb120px|60px|120px|60px|true|true\u00bb custom_padding_tablet=\u00bb8vw|30px|8vw|30px|true|false\u00bb custom_padding_phone=\u00bb|20px||20px|true|true\u00bb border_radii=\u00bbon|20px|20px|20px|20px\u00bb saved_tabs=\u00bball\u00bb locked=\u00bboff\u00bb global_colors_info=\u00bb{%22gcid-5bbe85b5-e062-46e3-9323-52fc77b5505a%22:%91%22background_color_gradient_stops%22%93}\u00bb][et_pb_column type=\u00bb4_4&#8243; _builder_version=\u00bb4.21.0&#8243; _module_preset=\u00bbdefault\u00bb custom_padding=\u00bb|50%|||false|false\u00bb custom_padding_tablet=\u00bb||||false|false\u00bb custom_padding_phone=\u00bb|0px|||false|false\u00bb custom_padding_last_edited=\u00bbon|phone\u00bb global_colors_info=\u00bb{}\u00bb][et_pb_text _builder_version=\u00bb4.27.4&#8243; _module_preset=\u00bb8d9a7dca-d188-45ee-8100-878a25907136&#8243; custom_margin=\u00bb||10px||false|false\u00bb locked=\u00bboff\u00bb global_colors_info=\u00bb{}\u00bb]<\/p>\n<h2>\u00a1Suscr\u00edbete y Mantente Actualizado!<\/h2>\n<p>[\/et_pb_text][et_pb_signup mailchimp_list=\u00bbundefined|undefined|\u00bb first_name_field=\u00bboff\u00bb last_name_field=\u00bboff\u00bb _builder_version=\u00bb4.21.0&#8243; _module_preset=\u00bb5b96016a-484f-4854-bd2c-beb7b437e988&#8243; button_bg_color=\u00bb#2A2A2A\u00bb border_color_all_fields=\u00bb#000000&#8243; locked=\u00bboff\u00bb global_colors_info=\u00bb{}\u00bb][\/et_pb_signup][et_pb_text _builder_version=\u00bb4.27.4&#8243; _module_preset=\u00bbdefault\u00bb hover_enabled=\u00bb0&#8243; global_colors_info=\u00bb{}\u00bb sticky_enabled=\u00bb0&#8243;]<\/p>\n<p style=\"text-align: left;\"><a href=\"http:\/\/localhost\/ocxyrys\/tienda\/blusas\/blusa-globo-ref-10103483\/\" target=\"_blank\" rel=\"noopener\">Your content goes here. Edit or remove this text inline or in the module Content settings. You can also style every aspect of this content in the module Design settings and even apply custom CSS to this text in the module Advanced settings.<\/a><\/p>\n<p>[\/et_pb_text][\/et_pb_column][\/et_pb_row][\/et_pb_section]<\/p>\n","protected":false},"excerpt":{"rendered":"<p>NoticiasDescubre lo \u00faltimo en tecnolog\u00eda, innovaci\u00f3n y estrategias digitales para mantenerte siempre un paso adelante.\u00a1Suscr\u00edbete y Mantente Actualizado!Your content goes here. Edit or remove this text inline or in the module Content settings. You can also style every aspect of this content in the module Design settings and even apply custom CSS to this text [&hellip;]<\/p>\n","protected":false},"author":1,"featured_media":0,"parent":0,"menu_order":0,"comment_status":"closed","ping_status":"closed","template":"","meta":{"_et_pb_use_builder":"on","_et_pb_old_content":"<!-- wp:divi\/placeholder \/-->","_et_gb_content_width":"","_joinchat":[],"footnotes":""},"class_list":["post-20","page","type-page","status-publish","hentry"],"_links":{"self":[{"href":"https:\/\/agenciaoxigeno.com\/index.php\/wp-json\/wp\/v2\/pages\/20","targetHints":{"allow":["GET"]}}],"collection":[{"href":"https:\/\/agenciaoxigeno.com\/index.php\/wp-json\/wp\/v2\/pages"}],"about":[{"href":"https:\/\/agenciaoxigeno.com\/index.php\/wp-json\/wp\/v2\/types\/page"}],"author":[{"embeddable":true,"href":"https:\/\/agenciaoxigeno.com\/index.php\/wp-json\/wp\/v2\/users\/1"}],"replies":[{"embeddable":true,"href":"https:\/\/agenciaoxigeno.com\/index.php\/wp-json\/wp\/v2\/comments?post=20"}],"version-history":[{"count":7,"href":"https:\/\/agenciaoxigeno.com\/index.php\/wp-json\/wp\/v2\/pages\/20\/revisions"}],"predecessor-version":[{"id":842,"href":"https:\/\/agenciaoxigeno.com\/index.php\/wp-json\/wp\/v2\/pages\/20\/revisions\/842"}],"wp:attachment":[{"href":"https:\/\/agenciaoxigeno.com\/index.php\/wp-json\/wp\/v2\/media?parent=20"}],"curies":[{"name":"wp","href":"https:\/\/api.w.org\/{rel}","templated":true}]}}