{"id":14,"date":"2024-09-02T17:04:17","date_gmt":"2024-09-02T17:04:17","guid":{"rendered":"https:\/\/agenciaoxigeno.com\/?page_id=14"},"modified":"2025-01-15T01:31:28","modified_gmt":"2025-01-15T01:31:28","slug":"servicios","status":"publish","type":"page","link":"https:\/\/agenciaoxigeno.com\/index.php\/servicios\/","title":{"rendered":"Servicios"},"content":{"rendered":"<p>[et_pb_section fb_built=\u00bb1&#8243; next_background_color=\u00bb#000000&#8243; _builder_version=\u00bb4.27.4&#8243; _module_preset=\u00bbdefault\u00bb background_video_mp4=\u00bbhttps:\/\/agenciaoxigeno.com\/wp-content\/uploads\/2025\/01\/videoSpacio.mp4&#8243; background_enable_pattern_style=\u00bbon\u00bb background_pattern_style=\u00bbtufted\u00bb background_pattern_color=\u00bbrgba(0,0,0,0.74)\u00bb background_pattern_transform=\u00bbinvert\u00bb background_pattern_size=\u00bbcustom\u00bb background_pattern_width=\u00bb1000px\u00bb background_pattern_height=\u00bb1000px\u00bb custom_padding=\u00bb88px||39px|||\u00bb bottom_divider_style=\u00bbasymmetric4&#8243; global_colors_info=\u00bb{}\u00bb][et_pb_row column_structure=\u00bb2_3,1_3&#8243; _builder_version=\u00bb4.21.0&#8243; _module_preset=\u00bbdefault\u00bb global_colors_info=\u00bb{}\u00bb][et_pb_column type=\u00bb2_3&#8243; _builder_version=\u00bb4.21.0&#8243; _module_preset=\u00bbdefault\u00bb global_colors_info=\u00bb{}\u00bb][et_pb_text _builder_version=\u00bb4.27.4&#8243; _module_preset=\u00bb628044ac-dba3-4d1a-9fd4-bea37f02915d\u00bb text_text_color=\u00bbrgba(255,255,255,0.7)\u00bb global_colors_info=\u00bb{}\u00bb]<\/p>\n<p>SERVICIOS<\/p>\n<p>[\/et_pb_text][et_pb_text _builder_version=\u00bb4.27.4&#8243; _module_preset=\u00bb67395465-3760-479c-9082-300c5aeb833f\u00bb header_text_color=\u00bb#E02B20&#8243; custom_margin=\u00bb||10px||false|false\u00bb global_colors_info=\u00bb{%22gcid-9bc549a6-6baa-437d-870d-a5c4631249b2%22:%91%22header_text_color%22%93}\u00bb]<\/p>\n<h1>Soluciones Digitales Integrales<\/h1>\n<p>[\/et_pb_text][et_pb_text _builder_version=\u00bb4.27.4&#8243; _module_preset=\u00bb628044ac-dba3-4d1a-9fd4-bea37f02915d\u00bb text_text_color=\u00bbrgba(255,255,255,0.7)\u00bb global_colors_info=\u00bb{}\u00bb]<\/p>\n<p>En Agencia Ox\u00edgeno ofrecemos un portafolio completo de servicios para potenciar tu presencia en el mundo digital. Desde el dise\u00f1o de p\u00e1ginas web hasta la producci\u00f3n audiovisual, combinamos creatividad y tecnolog\u00eda para conectar tu marca con tus clientes.<\/p>\n<p>[\/et_pb_text][\/et_pb_column][et_pb_column type=\u00bb1_3&#8243; _builder_version=\u00bb4.21.0&#8243; _module_preset=\u00bbdefault\u00bb global_colors_info=\u00bb{}\u00bb][et_pb_image src=\u00bbhttps:\/\/agenciaoxigeno.com\/wp-content\/uploads\/2025\/01\/Cohete.png\u00bb title_text=\u00bbCohete\u00bb align=\u00bbcenter\u00bb _builder_version=\u00bb4.27.4&#8243; _module_preset=\u00bbdefault\u00bb max_height=\u00bb488px\u00bb scroll_vertical_motion_enable=\u00bbon\u00bb scroll_rotating_enable=\u00bbon\u00bb scroll_rotating=\u00bb0|75|75|100|90|0|0&#8243; motion_trigger_start=\u00bbbottom\u00bb global_colors_info=\u00bb{}\u00bb][\/et_pb_image][\/et_pb_column][\/et_pb_row][\/et_pb_section][et_pb_section fb_built=\u00bb1&#8243; admin_label=\u00bbFeatures\u00bb _builder_version=\u00bb4.27.4&#8243; _module_preset=\u00bbdefault\u00bb background_color=\u00bb#000000&#8243; custom_padding=\u00bb23px|||||\u00bb bottom_divider_style=\u00bbasymmetric4&#8243; bottom_divider_color=\u00bb#ffffff\u00bb locked=\u00bboff\u00bb collapsed=\u00bbon\u00bb global_colors_info=\u00bb{%22gcid-8020c5c5-3063-43d3-92c5-9fcdd948cb76%22:%91%22background_color%22%93}\u00bb][et_pb_row _builder_version=\u00bb4.21.0&#8243; _module_preset=\u00bbdefault\u00bb max_width=\u00bb700px\u00bb global_colors_info=\u00bb{}\u00bb][et_pb_column type=\u00bb4_4&#8243; _builder_version=\u00bb4.21.0&#8243; _module_preset=\u00bbdefault\u00bb global_colors_info=\u00bb{}\u00bb][et_pb_text _builder_version=\u00bb4.27.4&#8243; _module_preset=\u00bbe9db8b21-ccb4-486c-bf5a-2df662d57cbc\u00bb header_2_text_color=\u00bb#FFFFFF\u00bb text_orientation=\u00bbcenter\u00bb text_orientation_tablet=\u00bbleft\u00bb text_orientation_phone=\u00bb\u00bb text_orientation_last_edited=\u00bbon|tablet\u00bb locked=\u00bboff\u00bb global_colors_info=\u00bb{}\u00bb]<\/p>\n<h2>Servicios<\/h2>\n<p>[\/et_pb_text][\/et_pb_column][\/et_pb_row][et_pb_row column_structure=\u00bb1_3,1_3,1_3&#8243; custom_padding_last_edited=\u00bbon|desktop\u00bb _builder_version=\u00bb4.21.0&#8243; _module_preset=\u00bbdefault\u00bb custom_padding_tablet=\u00bb||0px||false|false\u00bb custom_padding_phone=\u00bb||0px||false|false\u00bb global_colors_info=\u00bb{}\u00bb][et_pb_column type=\u00bb1_3&#8243; _builder_version=\u00bb4.21.0&#8243; _module_preset=\u00bbdefault\u00bb global_colors_info=\u00bb{}\u00bb][et_pb_image src=\u00bbhttps:\/\/agenciaoxigeno.com\/wp-content\/uploads\/2025\/01\/ai_generator01_icon_12.png\u00bb title_text=\u00bbai_generator01_icon_12&#8243; _builder_version=\u00bb4.27.4&#8243; _module_preset=\u00bbdefault\u00bb filter_hue_rotate=\u00bb106deg\u00bb filter_saturate=\u00bb131%\u00bb filter_brightness=\u00bb62%\u00bb global_colors_info=\u00bb{}\u00bb][\/et_pb_image][et_pb_text _builder_version=\u00bb4.27.4&#8243; _module_preset=\u00bbd0e45444-dd39-4fc4-94bf-91e7c5ec6eee\u00bb header_5_text_color=\u00bb#FFFFFF\u00bb custom_margin=\u00bb||0px||false|false\u00bb global_colors_info=\u00bb{}\u00bb]<\/p>\n<h5>Dise\u00f1o Web<\/h5>\n<p>[\/et_pb_text][et_pb_text _builder_version=\u00bb4.27.4&#8243; _module_preset=\u00bb628044ac-dba3-4d1a-9fd4-bea37f02915d\u00bb text_text_color=\u00bbrgba(255,255,255,0.7)\u00bb global_colors_info=\u00bb{}\u00bb]<\/p>\n<p><strong>\u00abDise\u00f1o que Impresiona y Funciona\u00bb<\/strong><br \/>Creamos p\u00e1ginas web adaptativas, r\u00e1pidas y optimizadas para motores de b\u00fasqueda. Cada dise\u00f1o est\u00e1 pensado para reflejar la identidad de tu marca y brindar una experiencia \u00fanica a tus usuarios.<\/p>\n<p>[\/et_pb_text][\/et_pb_column][et_pb_column type=\u00bb1_3&#8243; _builder_version=\u00bb4.21.0&#8243; _module_preset=\u00bbdefault\u00bb global_colors_info=\u00bb{}\u00bb][et_pb_image src=\u00bbhttps:\/\/agenciaoxigeno.com\/wp-content\/uploads\/2025\/01\/ai_generator04_icon_9.png\u00bb title_text=\u00bbai_generator04_icon_9&#8243; _builder_version=\u00bb4.21.0&#8243; _module_preset=\u00bbdefault\u00bb filter_hue_rotate=\u00bb106deg\u00bb filter_saturate=\u00bb131%\u00bb filter_brightness=\u00bb62%\u00bb global_colors_info=\u00bb{}\u00bb][\/et_pb_image][et_pb_text _builder_version=\u00bb4.27.4&#8243; _module_preset=\u00bbd0e45444-dd39-4fc4-94bf-91e7c5ec6eee\u00bb header_5_text_color=\u00bb#FFFFFF\u00bb custom_margin=\u00bb||0px||false|false\u00bb global_colors_info=\u00bb{}\u00bb]<\/p>\n<h5>Publicidad Digital<\/h5>\n<p>[\/et_pb_text][et_pb_text _builder_version=\u00bb4.27.4&#8243; _module_preset=\u00bb628044ac-dba3-4d1a-9fd4-bea37f02915d\u00bb text_text_color=\u00bbrgba(255,255,255,0.7)\u00bb global_colors_info=\u00bb{}\u00bb]<\/p>\n<p><strong>\u00abConecta y Crece con Estrategias Inteligentes\u00bb<\/strong><br \/>Llevamos tu mensaje al p\u00fablico correcto mediante campa\u00f1as en redes sociales, Google Ads y estrategias personalizadas para maximizar tu alcance.<\/p>\n<p>[\/et_pb_text][\/et_pb_column][et_pb_column type=\u00bb1_3&#8243; _builder_version=\u00bb4.21.0&#8243; _module_preset=\u00bbdefault\u00bb global_colors_info=\u00bb{}\u00bb][et_pb_image src=\u00bbhttps:\/\/agenciaoxigeno.com\/wp-content\/uploads\/2025\/01\/ai_generator09_icon_4.png\u00bb title_text=\u00bbai_generator09_icon_4&#8243; _builder_version=\u00bb4.21.0&#8243; _module_preset=\u00bbdefault\u00bb filter_hue_rotate=\u00bb106deg\u00bb filter_saturate=\u00bb131%\u00bb filter_brightness=\u00bb62%\u00bb global_colors_info=\u00bb{}\u00bb][\/et_pb_image][et_pb_text _builder_version=\u00bb4.27.4&#8243; _module_preset=\u00bbd0e45444-dd39-4fc4-94bf-91e7c5ec6eee\u00bb header_5_text_color=\u00bb#FFFFFF\u00bb custom_margin=\u00bb||0px||false|false\u00bb global_colors_info=\u00bb{}\u00bb]<\/p>\n<h5>Aplicaciones M\u00f3viles y Web<\/h5>\n<p>[\/et_pb_text][et_pb_text _builder_version=\u00bb4.27.4&#8243; _module_preset=\u00bb628044ac-dba3-4d1a-9fd4-bea37f02915d\u00bb text_text_color=\u00bbrgba(255,255,255,0.7)\u00bb global_colors_info=\u00bb{}\u00bb]<\/p>\n<p><strong>\u00abInnovaci\u00f3n al Alcance de tus Clientes\u00bb<\/strong><br \/>Desarrollamos aplicaciones intuitivas, funcionales y visualmente impactantes que conectan a tu negocio con tus clientes en cualquier momento y lugar.<\/p>\n<p>[\/et_pb_text][\/et_pb_column][\/et_pb_row][et_pb_row column_structure=\u00bb1_3,1_3,1_3&#8243; _builder_version=\u00bb4.27.4&#8243; _module_preset=\u00bbdefault\u00bb hover_enabled=\u00bb0&#8243; global_colors_info=\u00bb{}\u00bb sticky_enabled=\u00bb0&#8243;][et_pb_column type=\u00bb1_3&#8243; _builder_version=\u00bb4.21.0&#8243; _module_preset=\u00bbdefault\u00bb global_colors_info=\u00bb{}\u00bb][et_pb_image src=\u00bbhttps:\/\/agenciaoxigeno.com\/wp-content\/uploads\/2025\/01\/ai_generator12_icon_1.png\u00bb title_text=\u00bbai_generator12_icon_1&#8243; _builder_version=\u00bb4.21.0&#8243; _module_preset=\u00bbdefault\u00bb filter_hue_rotate=\u00bb106deg\u00bb filter_saturate=\u00bb131%\u00bb filter_brightness=\u00bb62%\u00bb locked=\u00bboff\u00bb global_colors_info=\u00bb{}\u00bb][\/et_pb_image][et_pb_text _builder_version=\u00bb4.27.4&#8243; _module_preset=\u00bbd0e45444-dd39-4fc4-94bf-91e7c5ec6eee\u00bb header_5_text_color=\u00bb#FFFFFF\u00bb custom_margin=\u00bb||0px||false|false\u00bb global_colors_info=\u00bb{}\u00bb]<\/p>\n<h5>Modelado y Animaci\u00f3n 3D<\/h5>\n<p>[\/et_pb_text][et_pb_text _builder_version=\u00bb4.27.4&#8243; _module_preset=\u00bb628044ac-dba3-4d1a-9fd4-bea37f02915d\u00bb text_text_color=\u00bbrgba(255,255,255,0.7)\u00bb global_colors_info=\u00bb{}\u00bb]<\/p>\n<p><strong>\u00abDale Vida a tus Ideas\u00bb<\/strong><br \/>Creamos simulaciones, recorridos virtuales y contenido 3D para proyectos inmobiliarios, logotipos o productos que necesitan destacar con realismo e impacto.<\/p>\n<p>[\/et_pb_text][\/et_pb_column][et_pb_column type=\u00bb1_3&#8243; _builder_version=\u00bb4.21.0&#8243; _module_preset=\u00bbdefault\u00bb global_colors_info=\u00bb{}\u00bb][et_pb_image src=\u00bbhttps:\/\/agenciaoxigeno.com\/wp-content\/uploads\/2025\/01\/ai_generator02_icon_11.png\u00bb title_text=\u00bbai_generator02_icon_11&#8243; _builder_version=\u00bb4.27.4&#8243; _module_preset=\u00bbdefault\u00bb filter_hue_rotate=\u00bb106deg\u00bb filter_saturate=\u00bb131%\u00bb filter_brightness=\u00bb62%\u00bb locked=\u00bboff\u00bb global_colors_info=\u00bb{}\u00bb][\/et_pb_image][et_pb_text _builder_version=\u00bb4.27.4&#8243; _module_preset=\u00bbd0e45444-dd39-4fc4-94bf-91e7c5ec6eee\u00bb header_5_text_color=\u00bb#FFFFFF\u00bb custom_margin=\u00bb||0px||false|false\u00bb global_colors_info=\u00bb{}\u00bb]<\/p>\n<h5>Producci\u00f3n Audiovisual<\/h5>\n<p>[\/et_pb_text][et_pb_text _builder_version=\u00bb4.27.4&#8243; _module_preset=\u00bb628044ac-dba3-4d1a-9fd4-bea37f02915d\u00bb text_text_color=\u00bbrgba(255,255,255,0.7)\u00bb global_colors_info=\u00bb{}\u00bb]<\/p>\n<p><strong>\u00abHistorias que Impactan\u00bb<\/strong><br \/>Dise\u00f1amos videos corporativos e institucionales que combinan im\u00e1genes, m\u00fasica y narrativa para transmitir el mensaje perfecto a tus clientes, socios o inversionistas.<\/p>\n<p>[\/et_pb_text][\/et_pb_column][et_pb_column type=\u00bb1_3&#8243; _builder_version=\u00bb4.21.0&#8243; _module_preset=\u00bbdefault\u00bb global_colors_info=\u00bb{}\u00bb][et_pb_image src=\u00bbhttps:\/\/agenciaoxigeno.com\/wp-content\/uploads\/2025\/01\/ai_generator01_icon_12.png\u00bb title_text=\u00bbai_generator01_icon_12&#8243; _builder_version=\u00bb4.27.4&#8243; _module_preset=\u00bbdefault\u00bb filter_hue_rotate=\u00bb106deg\u00bb filter_saturate=\u00bb131%\u00bb filter_brightness=\u00bb62%\u00bb hover_enabled=\u00bb0&#8243; locked=\u00bboff\u00bb global_colors_info=\u00bb{}\u00bb sticky_enabled=\u00bb0&#8243;][\/et_pb_image][et_pb_text _builder_version=\u00bb4.27.4&#8243; _module_preset=\u00bbd0e45444-dd39-4fc4-94bf-91e7c5ec6eee\u00bb header_5_text_color=\u00bb#FFFFFF\u00bb custom_margin=\u00bb||0px||false|false\u00bb hover_enabled=\u00bb0&#8243; global_colors_info=\u00bb{}\u00bb sticky_enabled=\u00bb0&#8243;]<\/p>\n<h5>Gesti\u00f3n Profesional de Redes Sociales<\/h5>\n<p>[\/et_pb_text][et_pb_text _builder_version=\u00bb4.27.4&#8243; _module_preset=\u00bb628044ac-dba3-4d1a-9fd4-bea37f02915d\u00bb text_text_color=\u00bbrgba(255,255,255,0.7)\u00bb hover_enabled=\u00bb0&#8243; global_colors_info=\u00bb{}\u00bb sticky_enabled=\u00bb0&#8243;]<\/p>\n<p>Potencia tu presencia en plataformas como Facebook, Instagram, LinkedIn y m\u00e1s. Creamos contenido atractivo, gestionamos comunidades y dise\u00f1amos estrategias personalizadas que aumentan el alcance, el compromiso y las conversiones de tu marca.<\/p>\n<p>[\/et_pb_text][\/et_pb_column][\/et_pb_row][\/et_pb_section][et_pb_section fb_built=\u00bb1&#8243; admin_label=\u00bbHeader\u00bb _builder_version=\u00bb4.27.4&#8243; _module_preset=\u00bbdefault\u00bb background_color=\u00bb#eaeaea\u00bb use_background_color_gradient=\u00bbon\u00bb background_color_gradient_stops=\u00bbrgba(255,255,255,0.53) 35%|rgba(175,175,175,0.43) 98%\u00bb background_color_gradient_overlays_image=\u00bbon\u00bb background_image=\u00bbhttps:\/\/agenciaoxigeno.com\/wp-content\/uploads\/2025\/01\/Fondo-aro.png\u00bb parallax=\u00bbon\u00bb parallax_method=\u00bboff\u00bb overflow-x=\u00bbhidden\u00bb overflow-y=\u00bbhidden\u00bb bottom_divider_style=\u00bbasymmetric4&#8243; bottom_divider_color=\u00bb#FFFFFF\u00bb bottom_divider_flip=\u00bbvertical\u00bb locked=\u00bboff\u00bb collapsed=\u00bbon\u00bb global_colors_info=\u00bb{%22gcid-8020c5c5-3063-43d3-92c5-9fcdd948cb76%22:%91%22background_color%22%93}\u00bb][et_pb_row use_custom_gutter=\u00bbon\u00bb gutter_width=\u00bb1&#8243; _builder_version=\u00bb4.27.4&#8243; _module_preset=\u00bbdefault\u00bb custom_margin=\u00bb24px|auto||auto||\u00bb custom_padding=\u00bb||97px|||\u00bb global_colors_info=\u00bb{}\u00bb][et_pb_column type=\u00bb4_4&#8243; _builder_version=\u00bb4.21.0&#8243; _module_preset=\u00bbdefault\u00bb global_colors_info=\u00bb{}\u00bb][et_pb_text _builder_version=\u00bb4.27.4&#8243; _module_preset=\u00bbe9db8b21-ccb4-486c-bf5a-2df662d57cbc\u00bb header_text_color=\u00bb#000000&#8243; header_2_text_color=\u00bb#000000&#8243; text_orientation=\u00bbcenter\u00bb custom_padding=\u00bb||40px|||\u00bb text_orientation_tablet=\u00bbleft\u00bb text_orientation_phone=\u00bb\u00bb text_orientation_last_edited=\u00bbon|tablet\u00bb locked=\u00bboff\u00bb global_colors_info=\u00bb{}\u00bb]<\/p>\n<h2>Algunos de nuestros trabajos<\/h2>\n<p>[\/et_pb_text][et_pb_gallery gallery_ids=\u00bb119,121,123,104,102,115,65,64&#8243; posts_number=\u00bb20&#8243; show_title_and_caption=\u00bboff\u00bb show_pagination=\u00bboff\u00bb _builder_version=\u00bb4.27.4&#8243; _module_preset=\u00bbdefault\u00bb global_colors_info=\u00bb{}\u00bb][\/et_pb_gallery][et_pb_text _builder_version=\u00bb4.27.4&#8243; _module_preset=\u00bbdefault\u00bb custom_margin=\u00bb44px|||||\u00bb global_colors_info=\u00bb{}\u00bb]<\/p>\n<p>Cada proyecto que realizamos es una muestra de nuestro compromiso con la innovaci\u00f3n y la excelencia. <strong>En Agencia Ox\u00edgeno, trabajamos de la mano con nuestros clientes para crear soluciones personalizadas<\/strong> que reflejan la esencia de su marca y generan resultados tangibles.<\/p>\n<p>[\/et_pb_text][\/et_pb_column][\/et_pb_row][\/et_pb_section]<\/p>\n","protected":false},"excerpt":{"rendered":"<p>SERVICIOSSoluciones Digitales IntegralesEn Agencia Ox\u00edgeno ofrecemos un portafolio completo de servicios para potenciar tu presencia en el mundo digital. Desde el dise\u00f1o de p\u00e1ginas web hasta la producci\u00f3n audiovisual, combinamos creatividad y tecnolog\u00eda para conectar tu marca con tus clientes.ServiciosDise\u00f1o Web\u00bbDise\u00f1o que Impresiona y Funciona\u00bbCreamos p\u00e1ginas web adaptativas, r\u00e1pidas y optimizadas para motores de b\u00fasqueda. [&hellip;]<\/p>\n","protected":false},"author":1,"featured_media":0,"parent":0,"menu_order":0,"comment_status":"closed","ping_status":"closed","template":"","meta":{"_et_pb_use_builder":"on","_et_pb_old_content":"<!-- wp:divi\/placeholder \/-->","_et_gb_content_width":"","_joinchat":[],"footnotes":""},"class_list":["post-14","page","type-page","status-publish","hentry"],"_links":{"self":[{"href":"https:\/\/agenciaoxigeno.com\/index.php\/wp-json\/wp\/v2\/pages\/14","targetHints":{"allow":["GET"]}}],"collection":[{"href":"https:\/\/agenciaoxigeno.com\/index.php\/wp-json\/wp\/v2\/pages"}],"about":[{"href":"https:\/\/agenciaoxigeno.com\/index.php\/wp-json\/wp\/v2\/types\/page"}],"author":[{"embeddable":true,"href":"https:\/\/agenciaoxigeno.com\/index.php\/wp-json\/wp\/v2\/users\/1"}],"replies":[{"embeddable":true,"href":"https:\/\/agenciaoxigeno.com\/index.php\/wp-json\/wp\/v2\/comments?post=14"}],"version-history":[{"count":10,"href":"https:\/\/agenciaoxigeno.com\/index.php\/wp-json\/wp\/v2\/pages\/14\/revisions"}],"predecessor-version":[{"id":545,"href":"https:\/\/agenciaoxigeno.com\/index.php\/wp-json\/wp\/v2\/pages\/14\/revisions\/545"}],"wp:attachment":[{"href":"https:\/\/agenciaoxigeno.com\/index.php\/wp-json\/wp\/v2\/media?parent=14"}],"curies":[{"name":"wp","href":"https:\/\/api.w.org\/{rel}","templated":true}]}}