{"id":12,"date":"2024-09-02T17:04:08","date_gmt":"2024-09-02T17:04:08","guid":{"rendered":"https:\/\/agenciaoxigeno.com\/?page_id=12"},"modified":"2025-01-10T02:27:30","modified_gmt":"2025-01-10T02:27:30","slug":"nuestra-empresa","status":"publish","type":"page","link":"https:\/\/agenciaoxigeno.com\/index.php\/nuestra-empresa\/","title":{"rendered":"Empresa"},"content":{"rendered":"<p>[et_pb_section fb_built=\u00bb1&#8243; admin_label=\u00bbHeader\u00bb _builder_version=\u00bb4.27.4&#8243; _module_preset=\u00bbdefault\u00bb background_color=\u00bb#0a0a0a\u00bb custom_padding=\u00bb66px||79px|||\u00bb collapsed=\u00bbon\u00bb global_colors_info=\u00bb{}\u00bb][et_pb_row column_structure=\u00bb3_4,1_4&#8243; _builder_version=\u00bb4.21.0&#8243; _module_preset=\u00bbdefault\u00bb global_colors_info=\u00bb{}\u00bb][et_pb_column type=\u00bb3_4&#8243; _builder_version=\u00bb4.21.0&#8243; _module_preset=\u00bbdefault\u00bb global_colors_info=\u00bb{}\u00bb][et_pb_text _builder_version=\u00bb4.27.4&#8243; _module_preset=\u00bb16c1d00d-d68c-4d74-a1cf-77255239c00d\u00bb header_4_text_color=\u00bb#FFFFFF\u00bb global_colors_info=\u00bb{}\u00bb]<\/p>\n<h4>Somos Agencia Ox\u00edgeno<\/h4>\n<p>[\/et_pb_text][et_pb_text _builder_version=\u00bb4.27.4&#8243; _module_preset=\u00bb43d32e57-9f33-4136-bb71-893a7f361561&#8243; header_font=\u00bbPoppins|700|||||||\u00bb header_text_color=\u00bb#a51010&#8243; header_font_size=\u00bb53px\u00bb global_colors_info=\u00bb{}\u00bb]<\/p>\n<h1>Creatividad y Tecnolog\u00eda para Transformar Negocios<\/h1>\n<p>[\/et_pb_text][et_pb_text _builder_version=\u00bb4.27.4&#8243; _module_preset=\u00bbbf952a74-0864-41a9-ac38-832453f90823&#8243; text_text_color=\u00bbrgba(255,255,255,0.7)\u00bb global_colors_info=\u00bb{}\u00bb]<\/p>\n<p>Desde 2008, ayudamos a empresas a destacarse en el entorno digital con soluciones innovadoras en dise\u00f1o web, marketing, 3D y producci\u00f3n audiovisual.<\/p>\n<p>[\/et_pb_text][\/et_pb_column][et_pb_column type=\u00bb1_4&#8243; _builder_version=\u00bb4.21.0&#8243; _module_preset=\u00bbdefault\u00bb custom_padding=\u00bb8vw||||false|false\u00bb custom_padding_tablet=\u00bb0vw||||false|false\u00bb custom_padding_phone=\u00bb0vw||||false|false\u00bb custom_padding_last_edited=\u00bbon|tablet\u00bb global_colors_info=\u00bb{}\u00bb][et_pb_image src=\u00bbhttps:\/\/agenciaoxigeno.com\/wp-content\/uploads\/2025\/01\/ai-generator-16.png\u00bb title_text=\u00bbai-generator-16&#8243; _builder_version=\u00bb4.27.4&#8243; _module_preset=\u00bbdefault\u00bb filter_hue_rotate=\u00bb117deg\u00bb filter_saturate=\u00bb111%\u00bb global_colors_info=\u00bb{}\u00bb][\/et_pb_image][\/et_pb_column][\/et_pb_row][et_pb_row column_structure=\u00bb1_3,1_3,1_3&#8243; use_custom_gutter=\u00bbon\u00bb gutter_width=\u00bb2&#8243; _builder_version=\u00bb4.21.0&#8243; _module_preset=\u00bbdefault\u00bb global_colors_info=\u00bb{}\u00bb][et_pb_column type=\u00bb1_3&#8243; _builder_version=\u00bb4.21.0&#8243; _module_preset=\u00bbdefault\u00bb global_colors_info=\u00bb{}\u00bb][et_pb_image src=\u00bbhttps:\/\/agenciaoxigeno.com\/wp-content\/uploads\/2025\/01\/ai-generator-17.png\u00bb title_text=\u00bbai-generator-17&#8243; _builder_version=\u00bb4.27.4&#8243; _module_preset=\u00bbdefault\u00bb width_tablet=\u00bb50%\u00bb width_phone=\u00bb50%\u00bb width_last_edited=\u00bbon|desktop\u00bb custom_margin=\u00bb|||-20vw|false|false\u00bb custom_margin_tablet=\u00bb-22vw||||false|false\u00bb custom_margin_phone=\u00bb-22vw||||false|false\u00bb custom_margin_last_edited=\u00bbon|tablet\u00bb filter_hue_rotate=\u00bb142deg\u00bb filter_saturate=\u00bb101%\u00bb module_alignment_tablet=\u00bbright\u00bb module_alignment_phone=\u00bbright\u00bb module_alignment_last_edited=\u00bbon|tablet\u00bb global_colors_info=\u00bb{}\u00bb][\/et_pb_image][\/et_pb_column][et_pb_column type=\u00bb1_3&#8243; _builder_version=\u00bb4.21.0&#8243; _module_preset=\u00bbdefault\u00bb global_colors_info=\u00bb{}\u00bb][et_pb_image src=\u00bbhttps:\/\/agenciaoxigeno.com\/wp-content\/uploads\/2025\/01\/web-diseno2.jpg\u00bb title_text=\u00bbweb-diseno2&#8243; align=\u00bbright\u00bb _builder_version=\u00bb4.27.4&#8243; _module_preset=\u00bbdefault\u00bb width=\u00bb90%\u00bb custom_margin=\u00bb-15%||||false|false\u00bb border_radii=\u00bbon|20px|20px|20px|20px\u00bb locked=\u00bboff\u00bb global_colors_info=\u00bb{}\u00bb][\/et_pb_image][\/et_pb_column][et_pb_column type=\u00bb1_3&#8243; _builder_version=\u00bb4.21.0&#8243; _module_preset=\u00bbdefault\u00bb global_colors_info=\u00bb{}\u00bb][et_pb_text _builder_version=\u00bb4.27.4&#8243; _module_preset=\u00bbdefault\u00bb text_font=\u00bb|300|||||||\u00bb text_text_color=\u00bb#FFFFFF\u00bb text_font_size=\u00bb20px\u00bb text_line_height=\u00bb1.4em\u00bb custom_margin=\u00bb-14px|||||\u00bb global_colors_info=\u00bb{}\u00bb]<\/p>\n<p>En Agencia Ox\u00edgeno somos una agencia de publicidad integral con m\u00e1s de 15 a\u00f1os de experiencia en el dise\u00f1o y desarrollo de soluciones digitales. Nos especializamos en crear experiencias que combinan creatividad, tecnolog\u00eda y estrategia para conectar marcas con sus audiencias.<\/p>\n<p>[\/et_pb_text][et_pb_image src=\u00bbhttps:\/\/agenciaoxigeno.com\/wp-content\/uploads\/2025\/01\/bannerdiseno.jpg\u00bb title_text=\u00bbbannerdiseno\u00bb _builder_version=\u00bb4.27.4&#8243; _module_preset=\u00bbdefault\u00bb border_radii=\u00bbon|14px|14px|14px|14px\u00bb global_colors_info=\u00bb{}\u00bb][\/et_pb_image][\/et_pb_column][\/et_pb_row][\/et_pb_section][et_pb_section fb_built=\u00bb1&#8243; admin_label=\u00bbFeatures\u00bb _builder_version=\u00bb4.27.4&#8243; _module_preset=\u00bbdefault\u00bb background_color=\u00bb#000000&#8243; collapsed=\u00bbon\u00bb global_colors_info=\u00bb{%22gcid-8020c5c5-3063-43d3-92c5-9fcdd948cb76%22:%91%22background_color%22%93}\u00bb][et_pb_row column_structure=\u00bb1_3,1_3,1_3&#8243; _builder_version=\u00bb4.21.0&#8243; _module_preset=\u00bbdefault\u00bb global_colors_info=\u00bb{}\u00bb][et_pb_column type=\u00bb1_3&#8243; _builder_version=\u00bb4.21.0&#8243; _module_preset=\u00bbdefault\u00bb background_color=\u00bb#FFFFFF\u00bb custom_padding=\u00bb60px|30px|60px|30px|true|true\u00bb custom_padding_tablet=\u00bb40px||40px||true|false\u00bb custom_padding_phone=\u00bb30px|20px|30px|20px|true|true\u00bb custom_padding_last_edited=\u00bbon|desktop\u00bb border_radii=\u00bbon|20px|20px|20px|20px\u00bb global_colors_info=\u00bb{}\u00bb][et_pb_blurb image_icon_background_color=\u00bb#E02B20&#8243; image=\u00bbhttps:\/\/agenciaoxigeno.com\/wp-content\/uploads\/2025\/01\/ai_generator09_icon_white_padding.png\u00bb icon_alignment=\u00bbleft\u00bb content_max_width=\u00bb100%\u00bb _builder_version=\u00bb4.27.4&#8243; _module_preset=\u00bbdefault\u00bb image_icon_custom_padding=\u00bb8px|8px|8px|8px|true|true\u00bb custom_margin=\u00bb||0px||false|false\u00bb border_radii_image=\u00bbon|100px|100px|100px|100px\u00bb global_colors_info=\u00bb{%22gcid-9a2143e4-e64d-461b-b403-a380f0d0367b%22:%91%22image_icon_background_color%22%93}\u00bb][\/et_pb_blurb][et_pb_text _builder_version=\u00bb4.27.4&#8243; _module_preset=\u00bbd8ecb924-9e13-468e-ac47-208308a6b3bf\u00bb header_4_text_color=\u00bbgcid-9a2143e4-e64d-461b-b403-a380f0d0367b\u00bb custom_margin=\u00bb||0px||false|false\u00bb global_colors_info=\u00bb{%22gcid-9a2143e4-e64d-461b-b403-a380f0d0367b%22:%91%22header_4_text_color%22%93}\u00bb]<\/p>\n<h4>\u00bfQui\u00e9nes Somos?<\/h4>\n<p>[\/et_pb_text][et_pb_text _builder_version=\u00bb4.27.4&#8243; _module_preset=\u00bb7d6761f3-d7b0-4d09-951e-df7dc43a63d2&#8243; global_colors_info=\u00bb{}\u00bb]<\/p>\n<p>Somos un equipo de expertos en dise\u00f1o web, marketing digital, desarrollo de aplicaciones, modelado 3D y producci\u00f3n de videos institucionales. Nos apasiona transformar ideas en realidades digitales.<\/p>\n<p>[\/et_pb_text][\/et_pb_column][et_pb_column type=\u00bb1_3&#8243; _builder_version=\u00bb4.21.0&#8243; _module_preset=\u00bbdefault\u00bb background_color=\u00bb#FFFFFF\u00bb custom_padding=\u00bb60px|30px|60px|30px|true|true\u00bb custom_padding_tablet=\u00bb40px||40px||true|false\u00bb custom_padding_phone=\u00bb30px|20px|30px|20px|true|true\u00bb custom_padding_last_edited=\u00bbon|desktop\u00bb border_radii=\u00bbon|20px|20px|20px|20px\u00bb global_colors_info=\u00bb{}\u00bb][et_pb_blurb image_icon_background_color=\u00bb#E02B20&#8243; image=\u00bbhttps:\/\/agenciaoxigeno.com\/wp-content\/uploads\/2025\/01\/ai_generator10_icon_white_padding.png\u00bb icon_alignment=\u00bbleft\u00bb content_max_width=\u00bb100%\u00bb _builder_version=\u00bb4.27.4&#8243; _module_preset=\u00bbdefault\u00bb image_icon_custom_padding=\u00bb8px|8px|8px|8px|true|true\u00bb custom_margin=\u00bb||0px||false|false\u00bb border_radii_image=\u00bbon|100px|100px|100px|100px\u00bb global_colors_info=\u00bb{%22gcid-84650058-bfd1-480b-a137-db1bd8df839c%22:%91%22image_icon_background_color%22%93}\u00bb][\/et_pb_blurb][et_pb_text _builder_version=\u00bb4.27.4&#8243; _module_preset=\u00bbd8ecb924-9e13-468e-ac47-208308a6b3bf\u00bb header_4_text_color=\u00bbgcid-84650058-bfd1-480b-a137-db1bd8df839c\u00bb custom_margin=\u00bb||0px||false|false\u00bb global_colors_info=\u00bb{%22gcid-84650058-bfd1-480b-a137-db1bd8df839c%22:%91%22header_4_text_color%22%93}\u00bb]<\/p>\n<h4>Nuestra Misi\u00f3n<\/h4>\n<p>[\/et_pb_text][et_pb_text _builder_version=\u00bb4.27.4&#8243; _module_preset=\u00bb7d6761f3-d7b0-4d09-951e-df7dc43a63d2&#8243; global_colors_info=\u00bb{}\u00bb]<\/p>\n<p>Ayudar a las empresas a alcanzar su m\u00e1ximo potencial digital a trav\u00e9s de soluciones creativas y personalizadas.<\/p>\n<p>[\/et_pb_text][\/et_pb_column][et_pb_column type=\u00bb1_3&#8243; _builder_version=\u00bb4.21.0&#8243; _module_preset=\u00bbdefault\u00bb background_color=\u00bb#FFFFFF\u00bb custom_padding=\u00bb60px|30px|60px|30px|true|true\u00bb custom_padding_tablet=\u00bb40px||40px||true|false\u00bb custom_padding_phone=\u00bb30px|20px|30px|20px|true|true\u00bb custom_padding_last_edited=\u00bbon|desktop\u00bb border_radii=\u00bbon|20px|20px|20px|20px\u00bb global_colors_info=\u00bb{}\u00bb][et_pb_blurb image_icon_background_color=\u00bb#E02B20&#8243; image=\u00bbhttps:\/\/agenciaoxigeno.com\/wp-content\/uploads\/2025\/01\/ai_generator01_icon_white_padding.png\u00bb icon_alignment=\u00bbleft\u00bb content_max_width=\u00bb100%\u00bb _builder_version=\u00bb4.27.4&#8243; _module_preset=\u00bbdefault\u00bb image_icon_custom_padding=\u00bb8px|8px|8px|8px|true|true\u00bb custom_margin=\u00bb||0px||false|false\u00bb border_radii_image=\u00bbon|100px|100px|100px|100px\u00bb global_colors_info=\u00bb{}\u00bb][\/et_pb_blurb][et_pb_text _builder_version=\u00bb4.27.4&#8243; _module_preset=\u00bbd8ecb924-9e13-468e-ac47-208308a6b3bf\u00bb header_4_text_color=\u00bb#E02B20&#8243; custom_margin=\u00bb||0px||false|false\u00bb global_colors_info=\u00bb{}\u00bb]<\/p>\n<h4>Nuestra Visi\u00f3n<\/h4>\n<p>[\/et_pb_text][et_pb_text _builder_version=\u00bb4.27.4&#8243; _module_preset=\u00bb7d6761f3-d7b0-4d09-951e-df7dc43a63d2&#8243; global_colors_info=\u00bb{}\u00bb]<\/p>\n<p>Ser l\u00edderes en innovaci\u00f3n digital, reconocidos por nuestra calidad, compromiso y resultados.<\/p>\n<p>[\/et_pb_text][\/et_pb_column][\/et_pb_row][\/et_pb_section][et_pb_section fb_built=\u00bb1&#8243; _builder_version=\u00bb4.27.4&#8243; _module_preset=\u00bbdefault\u00bb background_color=\u00bb#FFFFFF\u00bb custom_padding=\u00bb113px||98px|||\u00bb global_colors_info=\u00bb{}\u00bb][et_pb_row column_structure=\u00bb2_5,3_5&#8243; _builder_version=\u00bb4.27.4&#8243; _module_preset=\u00bbdefault\u00bb global_colors_info=\u00bb{}\u00bb][et_pb_column type=\u00bb2_5&#8243; _builder_version=\u00bb4.27.4&#8243; _module_preset=\u00bbdefault\u00bb global_colors_info=\u00bb{}\u00bb][et_pb_image src=\u00bbhttps:\/\/agenciaoxigeno.com\/wp-content\/uploads\/2025\/01\/ai-generator-17.png\u00bb title_text=\u00bbai-generator-17&#8243; _builder_version=\u00bb4.27.4&#8243; _module_preset=\u00bbdefault\u00bb filter_hue_rotate=\u00bb142deg\u00bb global_colors_info=\u00bb{}\u00bb][\/et_pb_image][\/et_pb_column][et_pb_column type=\u00bb3_5&#8243; _builder_version=\u00bb4.27.4&#8243; _module_preset=\u00bbdefault\u00bb global_colors_info=\u00bb{}\u00bb][et_pb_text _builder_version=\u00bb4.27.4&#8243; _module_preset=\u00bb43d32e57-9f33-4136-bb71-893a7f361561&#8243; header_font=\u00bbPoppins|700|||||||\u00bb header_text_color=\u00bb#494949&#8243; header_font_size=\u00bb53px\u00bb custom_margin=\u00bb47px|||||\u00bb global_colors_info=\u00bb{}\u00bb]<\/p>\n<h1>Conectamos Ideas y Resultados<\/h1>\n<p>[\/et_pb_text][\/et_pb_column][\/et_pb_row][\/et_pb_section][et_pb_section fb_built=\u00bb1&#8243; admin_label=\u00bbHow It Works\u00bb _builder_version=\u00bb4.27.4&#8243; _module_preset=\u00bbdefault\u00bb background_color=\u00bb#000000&#8243; use_background_color_gradient=\u00bbon\u00bb background_color_gradient_type=\u00bbcircular\u00bb background_color_gradient_direction_radial=\u00bbright\u00bb background_color_gradient_stops=\u00bb#200e2a 0%|rgba(255,255,255,0) 25%\u00bb overflow-x=\u00bbhidden\u00bb overflow-y=\u00bbhidden\u00bb saved_tabs=\u00bball\u00bb collapsed=\u00bbon\u00bb global_colors_info=\u00bb{%22gcid-8020c5c5-3063-43d3-92c5-9fcdd948cb76%22:%91%22background_color%22,%22background_color%22%93}\u00bb][et_pb_row column_structure=\u00bb3_4,1_4&#8243; _builder_version=\u00bb4.21.0&#8243; _module_preset=\u00bbdefault\u00bb global_colors_info=\u00bb{}\u00bb][et_pb_column type=\u00bb3_4&#8243; _builder_version=\u00bb4.21.0&#8243; _module_preset=\u00bbdefault\u00bb global_colors_info=\u00bb{}\u00bb][et_pb_text _builder_version=\u00bb4.27.4&#8243; _module_preset=\u00bb4e00de65-c2ee-4f9f-9038-bc853f1880d0&#8243; header_2_text_color=\u00bb#FFFFFF\u00bb global_colors_info=\u00bb{}\u00bb]<\/p>\n<h2>Nuestros Valores<\/h2>\n<p>[\/et_pb_text][\/et_pb_column][et_pb_column type=\u00bb1_4&#8243; _builder_version=\u00bb4.21.0&#8243; _module_preset=\u00bbdefault\u00bb global_colors_info=\u00bb{}\u00bb][et_pb_image src=\u00bbhttps:\/\/agenciaoxigeno.com\/wp-content\/uploads\/2025\/01\/pink-squiggle.png\u00bb title_text=\u00bbpink-squiggle\u00bb align=\u00bbright\u00bb _builder_version=\u00bb4.21.0&#8243; _module_preset=\u00bbdefault\u00bb custom_margin_tablet=\u00bb||30px||false|false\u00bb custom_margin_phone=\u00bb||30px||false|false\u00bb custom_margin_last_edited=\u00bboff|desktop\u00bb global_colors_info=\u00bb{}\u00bb][\/et_pb_image][\/et_pb_column][\/et_pb_row][et_pb_row column_structure=\u00bb1_3,1_3,1_3&#8243; _builder_version=\u00bb4.21.0&#8243; _module_preset=\u00bbdefault\u00bb global_colors_info=\u00bb{}\u00bb][et_pb_column type=\u00bb1_3&#8243; _builder_version=\u00bb4.21.0&#8243; _module_preset=\u00bbdefault\u00bb global_colors_info=\u00bb{}\u00bb][et_pb_blurb title=\u00bbInnovaci\u00f3n\u00bb use_icon=\u00bbon\u00bb font_icon=\u00bb&#x72;||divi||400&#8243; image_icon_background_color=\u00bb#E02B20&#8243; _builder_version=\u00bb4.27.4&#8243; _module_preset=\u00bb63fc4faf-066d-49c3-8178-0cb3974ade60&#8243; global_colors_info=\u00bb{}\u00bb]<\/p>\n<p>Siempre buscamos soluciones creativas.<\/p>\n<p>[\/et_pb_blurb][et_pb_blurb title=\u00bbCompromiso\u00bb use_icon=\u00bbon\u00bb font_icon=\u00bb&#xe01a;||divi||400&#8243; image_icon_background_color=\u00bb#E02B20&#8243; _builder_version=\u00bb4.27.4&#8243; _module_preset=\u00bb63fc4faf-066d-49c3-8178-0cb3974ade60&#8243; global_colors_info=\u00bb{}\u00bb]<\/p>\n<p>Trabajamos de la mano con nuestros clientes.<\/p>\n<p>[\/et_pb_blurb][et_pb_blurb title=\u00bbCalidad\u00bb use_icon=\u00bbon\u00bb font_icon=\u00bb&#xe02d;||divi||400&#8243; image_icon_background_color=\u00bb#E02B20&#8243; _builder_version=\u00bb4.27.4&#8243; _module_preset=\u00bb63fc4faf-066d-49c3-8178-0cb3974ade60&#8243; global_colors_info=\u00bb{}\u00bb]<\/p>\n<p>Cada proyecto es una obra \u00fanica y profesional.<\/p>\n<p>[\/et_pb_blurb][et_pb_blurb title=\u00bbResultados\u00bb use_icon=\u00bbon\u00bb font_icon=\u00bb&#x52;||divi||400&#8243; image_icon_background_color=\u00bb#E02B20&#8243; _builder_version=\u00bb4.27.4&#8243; _module_preset=\u00bb63fc4faf-066d-49c3-8178-0cb3974ade60&#8243; global_colors_info=\u00bb{}\u00bb]<\/p>\n<p>Nos enfocamos en el impacto y el \u00e9xito de nuestros clientes.<\/p>\n<p>[\/et_pb_blurb][\/et_pb_column][et_pb_column type=\u00bb1_3&#8243; _builder_version=\u00bb4.21.0&#8243; _module_preset=\u00bbdefault\u00bb global_colors_info=\u00bb{}\u00bb][et_pb_text _builder_version=\u00bb4.27.4&#8243; _module_preset=\u00bbdefault\u00bb text_font=\u00bbActor||||||||\u00bb text_text_color=\u00bb#ff0059&#8243; text_font_size=\u00bb28px\u00bb text_line_height=\u00bb1.1em\u00bb custom_margin=\u00bb50px|||||\u00bb custom_padding=\u00bb|18px||18px|false|true\u00bb hover_enabled=\u00bb0&#8243; global_colors_info=\u00bb{}\u00bb sticky_enabled=\u00bb0&#8243;]<\/p>\n<p>\u00bfListo para trabajar con expertos? Descubre c\u00f3mo podemos transformar tu marca.<\/p>\n<p>[\/et_pb_text][et_pb_button button_text=\u00bbCont\u00e1ctanos \u00bb button_alignment=\u00bbright\u00bb _builder_version=\u00bb4.27.4&#8243; _module_preset=\u00bb5ce96e16-200a-4a28-b8d8-d97c2e5f3a96&#8243; hover_enabled=\u00bb0&#8243; global_colors_info=\u00bb{}\u00bb button_url=\u00bb@ET-DC@eyJkeW5hbWljIjp0cnVlLCJjb250ZW50IjoicG9zdF9saW5rX3VybF9wYWdlIiwic2V0dGluZ3MiOnsicG9zdF9pZCI6IjIyIn19@\u00bb _dynamic_attributes=\u00bbbutton_url\u00bb sticky_enabled=\u00bb0&#8243;][\/et_pb_button][\/et_pb_column][et_pb_column type=\u00bb1_3&#8243; _builder_version=\u00bb4.21.0&#8243; _module_preset=\u00bbdefault\u00bb global_colors_info=\u00bb{}\u00bb][et_pb_image src=\u00bbhttps:\/\/agenciaoxigeno.com\/wp-content\/uploads\/2025\/01\/apps.jpg\u00bb title_text=\u00bbapps\u00bb _builder_version=\u00bb4.27.4&#8243; _module_preset=\u00bbdefault\u00bb width=\u00bb100%\u00bb custom_margin=\u00bb|-20vw|||false|false\u00bb custom_margin_tablet=\u00bb|0vw|||false|false\u00bb custom_margin_phone=\u00bb\u00bb custom_margin_last_edited=\u00bbon|tablet\u00bb border_radii=\u00bbon|30px|30px|30px|30px\u00bb global_colors_info=\u00bb{}\u00bb][\/et_pb_image][\/et_pb_column][\/et_pb_row][\/et_pb_section]<\/p>\n","protected":false},"excerpt":{"rendered":"<p>Somos Agencia Ox\u00edgenoCreatividad y Tecnolog\u00eda para Transformar NegociosDesde 2008, ayudamos a empresas a destacarse en el entorno digital con soluciones innovadoras en dise\u00f1o web, marketing, 3D y producci\u00f3n audiovisual.En Agencia Ox\u00edgeno somos una agencia de publicidad integral con m\u00e1s de 15 a\u00f1os de experiencia en el dise\u00f1o y desarrollo de soluciones digitales. Nos especializamos en [&hellip;]<\/p>\n","protected":false},"author":1,"featured_media":0,"parent":0,"menu_order":0,"comment_status":"closed","ping_status":"closed","template":"","meta":{"_et_pb_use_builder":"on","_et_pb_old_content":"","_et_gb_content_width":"","_joinchat":[],"footnotes":""},"class_list":["post-12","page","type-page","status-publish","hentry"],"_links":{"self":[{"href":"https:\/\/agenciaoxigeno.com\/index.php\/wp-json\/wp\/v2\/pages\/12","targetHints":{"allow":["GET"]}}],"collection":[{"href":"https:\/\/agenciaoxigeno.com\/index.php\/wp-json\/wp\/v2\/pages"}],"about":[{"href":"https:\/\/agenciaoxigeno.com\/index.php\/wp-json\/wp\/v2\/types\/page"}],"author":[{"embeddable":true,"href":"https:\/\/agenciaoxigeno.com\/index.php\/wp-json\/wp\/v2\/users\/1"}],"replies":[{"embeddable":true,"href":"https:\/\/agenciaoxigeno.com\/index.php\/wp-json\/wp\/v2\/comments?post=12"}],"version-history":[{"count":7,"href":"https:\/\/agenciaoxigeno.com\/index.php\/wp-json\/wp\/v2\/pages\/12\/revisions"}],"predecessor-version":[{"id":429,"href":"https:\/\/agenciaoxigeno.com\/index.php\/wp-json\/wp\/v2\/pages\/12\/revisions\/429"}],"wp:attachment":[{"href":"https:\/\/agenciaoxigeno.com\/index.php\/wp-json\/wp\/v2\/media?parent=12"}],"curies":[{"name":"wp","href":"https:\/\/api.w.org\/{rel}","templated":true}]}}